{"id":1979,"date":"2025-08-01T15:11:53","date_gmt":"2025-08-01T15:11:53","guid":{"rendered":"https:\/\/www.gen3.com.co\/?post_type=product&#038;p=1979"},"modified":"2025-08-01T15:13:03","modified_gmt":"2025-08-01T15:13:03","slug":"bebida-de-aro","status":"publish","type":"product","link":"https:\/\/www.gen3.com.co\/?product=bebida-de-aro","title":{"rendered":"BEBIDA DE ARO"},"content":{"rendered":"<p data-start=\"233\" data-end=\"379\">\u2728 <em data-start=\"235\" data-end=\"360\">\u00abEl que tenga melancol\u00eda y un \u00e1nimo sombr\u00edo, que beba a menudo este vino\u2026 la melancol\u00eda desaparecer\u00e1, igual que la fiebre.\u00bb<\/em> \u2014 Santa Hildegarda<\/p>\n<p data-start=\"381\" data-end=\"578\">\ud83d\udc9a Inspirada en los manuscritos de la santa benedictina del siglo XII, esta f\u00f3rmula ancestral combina vino puro y ra\u00edz seca de ARO, una planta que ha demostrado ser un potente remedio natural para:<\/p>\n<p data-start=\"580\" data-end=\"733\">\u2714\ufe0f Tristeza profunda o prolongada<br data-start=\"613\" data-end=\"616\" \/>\u2714\ufe0f Cambios de humor por el clima<br data-start=\"648\" data-end=\"651\" \/>\u2714\ufe0f Estados de \u00e1nimo sombr\u00edos y sin energ\u00eda<br data-start=\"693\" data-end=\"696\" \/>\u2714\ufe0f Fiebres internas con mucosidades<\/p>\n<p data-start=\"735\" data-end=\"855\">\ud83d\udccc <strong data-start=\"738\" data-end=\"766\">Modo de uso tradicional:<\/strong><br data-start=\"766\" data-end=\"769\" \/>\u2013 Casos severos: 3 veces al d\u00eda, 20 ml cada toma.<br data-start=\"818\" data-end=\"821\" \/>\u2013 Casos leves: 1 a 2 veces al d\u00eda.<\/p>\n<p data-start=\"857\" data-end=\"1040\">\u26a0\ufe0f <em data-start=\"860\" data-end=\"946\">Sin efectos secundarios conocidos tras m\u00e1s de 20 a\u00f1os de uso continuo con ra\u00edz seca.<\/em><br data-start=\"946\" data-end=\"949\" \/><strong data-start=\"1045\" data-end=\"1113\">Una receta que cae del cielo, para reconectar cuerpo y esp\u00edritu.<\/strong><\/p>\n","protected":false},"excerpt":{"rendered":"<p data-start=\"233\" data-end=\"379\"><em data-start=\"235\" data-end=\"360\">\u00abEl que tenga melancol\u00eda y un \u00e1nimo sombr\u00edo, que beba a menudo este vino\u2026 la melancol\u00eda desaparecer\u00e1, igual que la fiebre.\u00bb<\/em> \u2014 Santa Hildegarda<\/p>\n<p data-start=\"381\" data-end=\"578\">\ud83d\udc9a Inspirada en los manuscritos de la santa benedictina del siglo XII, esta f\u00f3rmula ancestral combina vino puro y ra\u00edz seca de ARO, una planta que ha demostrado ser un potente remedio natural.<\/p>\n","protected":false},"featured_media":1978,"comment_status":"open","ping_status":"closed","template":"","meta":{"_kadence_starter_templates_imported_post":false,"_kad_post_transparent":"default","_kad_post_title":"","_kad_post_layout":"default","_kad_post_sidebar_id":"","_kad_post_content_style":"default","_kad_post_vertical_padding":"default","_kad_post_feature":"","_kad_post_feature_position":"","_kad_post_header":false,"_kad_post_footer":false},"product_brand":[],"product_cat":[38],"product_tag":[],"class_list":{"0":"post-1979","1":"product","2":"type-product","3":"status-publish","4":"has-post-thumbnail","6":"product_cat-bebidas","8":"first","9":"instock","10":"shipping-taxable","11":"purchasable","12":"product-type-simple","13":"entry","14":"content-bg","15":"loop-entry"},"_links":{"self":[{"href":"https:\/\/www.gen3.com.co\/index.php?rest_route=\/wp\/v2\/product\/1979","targetHints":{"allow":["GET"]}}],"collection":[{"href":"https:\/\/www.gen3.com.co\/index.php?rest_route=\/wp\/v2\/product"}],"about":[{"href":"https:\/\/www.gen3.com.co\/index.php?rest_route=\/wp\/v2\/types\/product"}],"replies":[{"embeddable":true,"href":"https:\/\/www.gen3.com.co\/index.php?rest_route=%2Fwp%2Fv2%2Fcomments&post=1979"}],"wp:featuredmedia":[{"embeddable":true,"href":"https:\/\/www.gen3.com.co\/index.php?rest_route=\/wp\/v2\/media\/1978"}],"wp:attachment":[{"href":"https:\/\/www.gen3.com.co\/index.php?rest_route=%2Fwp%2Fv2%2Fmedia&parent=1979"}],"wp:term":[{"taxonomy":"product_brand","embeddable":true,"href":"https:\/\/www.gen3.com.co\/index.php?rest_route=%2Fwp%2Fv2%2Fproduct_brand&post=1979"},{"taxonomy":"product_cat","embeddable":true,"href":"https:\/\/www.gen3.com.co\/index.php?rest_route=%2Fwp%2Fv2%2Fproduct_cat&post=1979"},{"taxonomy":"product_tag","embeddable":true,"href":"https:\/\/www.gen3.com.co\/index.php?rest_route=%2Fwp%2Fv2%2Fproduct_tag&post=1979"}],"curies":[{"name":"wp","href":"https:\/\/api.w.org\/{rel}","templated":true}]}}