{"id":1961,"date":"2025-04-18T14:08:04","date_gmt":"2025-04-18T14:08:04","guid":{"rendered":"https:\/\/www.gen3.com.co\/?post_type=product&#038;p=1961"},"modified":"2025-04-18T14:20:02","modified_gmt":"2025-04-18T14:20:02","slug":"piel-tejon","status":"publish","type":"product","link":"https:\/\/www.gen3.com.co\/?product=piel-tejon","title":{"rendered":"PIEL TEJ\u00d3N"},"content":{"rendered":"<p>CAP\u00cdTULO XXVIII. TEJ\u00d3N (Dachs)<br \/>\nEl tej\u00f3n es caliente y tiene carnes silenciosas. Es malicioso, pero no debe desde\u00f1arse. Tiende, aunque su fuerza es nada, excepto contra la miseria, pero repele r\u00e1pidamente a los que la detiene. Porque \u00e9l siempre huye. Sin embargo, se engrandece con sus fuerzas, porque se llena fuertemente el coraz\u00f3n del tej\u00f3n, y cu\u00e9zalo fuertemente en agua y haz un ung\u00fcento. Estas grasas encontradas en sus articulaciones curan el gicht, con los miembros que el gicht haya destruido. Una persona que lo padezca debe untarse con el mismo ung\u00fcento. Si a alguien le duele la nuca, cuello, sienes y entre con el mismo ung\u00fcento. O si a alguien le duele el costado o espalda, unte el ung\u00fcento; si su virtud mejora, debe usarse. O si una carne d\u00e9bil con manchas negras ataca a una persona, y con el mismo ung\u00fcento se unta, mejora. Haga un cintur\u00f3n de casta\u00f1o y \u00e1rbol de Indias. Cu\u00e9zalos juntos en agua y haga un ung\u00fcento. Toda enfermedad peligrosa cesar\u00e1 sobre esa persona. Tambi\u00e9n, haga zapatos y sandalias o polainas de piel de tej\u00f3n. Ll\u00e9velos, y sus pies y piernas estar\u00e1n sanos.<\/p>\n","protected":false},"excerpt":{"rendered":"<p class=\"\" data-start=\"117\" data-end=\"527\"><strong data-start=\"117\" data-end=\"171\">\ud83d\udc3e CAP\u00cdTULO XXVIII: EL PODER CURATIVO DEL TEJ\u00d3N \ud83d\udc3e<\/strong><br data-start=\"171\" data-end=\"174\" \/>Aunque peque\u00f1o y huidizo, el tej\u00f3n guarda un poder ancestral. Su grasa, hervida y convertida en ung\u00fcento, alivia dolencias como el gicht, dolores musculares y manchas en la piel. \u00bfDolor en la nuca, costado o espalda? El tej\u00f3n tiene la respuesta. Incluso su piel, convertida en calzado, protege piernas y pies. Naturaleza y sanaci\u00f3n en una sola criatura.<\/p>\n","protected":false},"featured_media":1963,"comment_status":"open","ping_status":"closed","template":"","meta":{"_kadence_starter_templates_imported_post":false,"_kad_post_transparent":"default","_kad_post_title":"","_kad_post_layout":"default","_kad_post_sidebar_id":"","_kad_post_content_style":"default","_kad_post_vertical_padding":"default","_kad_post_feature":"","_kad_post_feature_position":"","_kad_post_header":false,"_kad_post_footer":false},"product_brand":[],"product_cat":[33],"product_tag":[],"class_list":{"0":"post-1961","1":"product","2":"type-product","3":"status-publish","4":"has-post-thumbnail","6":"product_cat-piles","8":"first","9":"instock","10":"shipping-taxable","11":"purchasable","12":"product-type-simple","13":"entry","14":"content-bg","15":"loop-entry"},"_links":{"self":[{"href":"https:\/\/www.gen3.com.co\/index.php?rest_route=\/wp\/v2\/product\/1961","targetHints":{"allow":["GET"]}}],"collection":[{"href":"https:\/\/www.gen3.com.co\/index.php?rest_route=\/wp\/v2\/product"}],"about":[{"href":"https:\/\/www.gen3.com.co\/index.php?rest_route=\/wp\/v2\/types\/product"}],"replies":[{"embeddable":true,"href":"https:\/\/www.gen3.com.co\/index.php?rest_route=%2Fwp%2Fv2%2Fcomments&post=1961"}],"wp:featuredmedia":[{"embeddable":true,"href":"https:\/\/www.gen3.com.co\/index.php?rest_route=\/wp\/v2\/media\/1963"}],"wp:attachment":[{"href":"https:\/\/www.gen3.com.co\/index.php?rest_route=%2Fwp%2Fv2%2Fmedia&parent=1961"}],"wp:term":[{"taxonomy":"product_brand","embeddable":true,"href":"https:\/\/www.gen3.com.co\/index.php?rest_route=%2Fwp%2Fv2%2Fproduct_brand&post=1961"},{"taxonomy":"product_cat","embeddable":true,"href":"https:\/\/www.gen3.com.co\/index.php?rest_route=%2Fwp%2Fv2%2Fproduct_cat&post=1961"},{"taxonomy":"product_tag","embeddable":true,"href":"https:\/\/www.gen3.com.co\/index.php?rest_route=%2Fwp%2Fv2%2Fproduct_tag&post=1961"}],"curies":[{"name":"wp","href":"https:\/\/api.w.org\/{rel}","templated":true}]}}