{"id":1828,"date":"2025-03-02T22:57:46","date_gmt":"2025-03-02T22:57:46","guid":{"rendered":"https:\/\/www.gen3.com.co\/?post_type=product&#038;p=1828"},"modified":"2025-08-01T01:22:16","modified_gmt":"2025-08-01T01:22:16","slug":"batido-de-regaliz","status":"publish","type":"product","link":"https:\/\/www.gen3.com.co\/?product=batido-de-regaliz","title":{"rendered":"Batido de Regaliz"},"content":{"rendered":"<p>BATIDO DE REGALIZ \u2728<br \/>\n\ud83d\udc8e EL SECRETO ANCESTRAL DE SANTA HILDEGARDA, AHORA EN TUS MANOS \ud83d\udc8e<\/p>\n<p>\ud83d\udcdc RECETAS CA\u00cdDAS DEL CIELO \ud83d\udcdc<br \/>\nGen #3 trae para ti un elixir \u00fanico, basado en la sabidur\u00eda milenaria de Santa Hildegarda, quien asegur\u00f3 que el regaliz no solo purifica los ojos y aclara la voz, sino que tambi\u00e9n llena el esp\u00edritu de alegr\u00eda y refuerza la digesti\u00f3n.<\/p>\n<p>\ud83d\udd2c CIENCIA + TRADICI\u00d3N: Estudios modernos confirman lo que Santa Hildegarda ya sab\u00eda hace siglos. La ra\u00edz de regaliz es un poderoso antimicrobiano, antiviral y antif\u00fangico. Con cada sorbo de nuestro Batido de Regaliz, ayudas a tu cuerpo a combatir infecciones, fortalecer el sistema digestivo y alcanzar un estado de bienestar total.<\/p>\n<p>\u00bfPOR QU\u00c9 NECESITAS ESTE BATIDO?<br \/>\n\u2705 Refuerza tu sistema inmune \ud83d\udee1\ufe0f<br \/>\n\u2705 Mejora la digesti\u00f3n y el metabolismo \ud83d\udd25<br \/>\n\u2705 Equilibra la mente y el esp\u00edritu \ud83e\uddd8\u200d\u2640\ufe0f<br \/>\n\u2705 Aporta energ\u00eda natural y bienestar \u26a1<br \/>\n\u2705 Aliado contra infecciones y virus \ud83e\udda0<\/p>\n<p>\u26a1 \u00a1NO ESPERES M\u00c1S! \u26a1<br \/>\n\ud83d\udd34 S\u00c9 PARTE DE ESTA REVOLUCI\u00d3N DE LA SALUD \ud83d\udd34<\/p>\n<p>\ud83d\udcf2 ORDENA HOY MISMO Y TRANSFORMA TU VIDA<br \/>\n\ud83d\udce6 Env\u00edos a todo el pa\u00eds<br \/>\n\ud83d\udccd Exclusivo de Gen #3<\/p>\n<p>\ud83d\udd25 \u00a1Solo para quienes est\u00e1n listos para un cambio real! \ud83d\udd25<\/p>\n","protected":false},"excerpt":{"rendered":"<p><span class=\"OYPEnA font-feature-liga-off font-feature-clig-off font-feature-calt-off text-decoration-none text-strikethrough-none\">El regaliz no solamente clarifica los ojos sin que tambi\u00e9n aclara la voz. Proporciona un esp\u00edritu bondadoso y alegre y aumenta la capacidad digestiva del<\/span> <span class=\"OYPEnA font-feature-liga-off font-feature-clig-off font-feature-calt-off text-decoration-none text-strikethrough-none\">est\u00f3mago.<br \/>\n<\/span>Gen #3 trae para ti un elixir \u00fanico, basado en la sabidur\u00eda milenaria de Santa Hildegarda, quien asegur\u00f3 que el regaliz no solo purifica los ojos y aclara la voz, sino que tambi\u00e9n llena el esp\u00edritu de alegr\u00eda y refuerza la digesti\u00f3n.<\/p>\n<p>&nbsp;<\/p>\n<p><span class=\"OYPEnA font-feature-liga-off font-feature-clig-off font-feature-calt-off text-decoration-none text-strikethrough-none\">\u00a0<\/span><\/p>\n","protected":false},"featured_media":1815,"comment_status":"open","ping_status":"closed","template":"","meta":{"_kadence_starter_templates_imported_post":false,"_kad_post_transparent":"default","_kad_post_title":"","_kad_post_layout":"default","_kad_post_sidebar_id":"","_kad_post_content_style":"default","_kad_post_vertical_padding":"default","_kad_post_feature":"","_kad_post_feature_position":"","_kad_post_header":false,"_kad_post_footer":false},"product_brand":[],"product_cat":[31],"product_tag":[],"class_list":{"0":"post-1828","1":"product","2":"type-product","3":"status-publish","4":"has-post-thumbnail","6":"product_cat-batido","8":"first","9":"instock","10":"shipping-taxable","11":"purchasable","12":"product-type-simple","13":"entry","14":"content-bg","15":"loop-entry"},"_links":{"self":[{"href":"https:\/\/www.gen3.com.co\/index.php?rest_route=\/wp\/v2\/product\/1828","targetHints":{"allow":["GET"]}}],"collection":[{"href":"https:\/\/www.gen3.com.co\/index.php?rest_route=\/wp\/v2\/product"}],"about":[{"href":"https:\/\/www.gen3.com.co\/index.php?rest_route=\/wp\/v2\/types\/product"}],"replies":[{"embeddable":true,"href":"https:\/\/www.gen3.com.co\/index.php?rest_route=%2Fwp%2Fv2%2Fcomments&post=1828"}],"wp:featuredmedia":[{"embeddable":true,"href":"https:\/\/www.gen3.com.co\/index.php?rest_route=\/wp\/v2\/media\/1815"}],"wp:attachment":[{"href":"https:\/\/www.gen3.com.co\/index.php?rest_route=%2Fwp%2Fv2%2Fmedia&parent=1828"}],"wp:term":[{"taxonomy":"product_brand","embeddable":true,"href":"https:\/\/www.gen3.com.co\/index.php?rest_route=%2Fwp%2Fv2%2Fproduct_brand&post=1828"},{"taxonomy":"product_cat","embeddable":true,"href":"https:\/\/www.gen3.com.co\/index.php?rest_route=%2Fwp%2Fv2%2Fproduct_cat&post=1828"},{"taxonomy":"product_tag","embeddable":true,"href":"https:\/\/www.gen3.com.co\/index.php?rest_route=%2Fwp%2Fv2%2Fproduct_tag&post=1828"}],"curies":[{"name":"wp","href":"https:\/\/api.w.org\/{rel}","templated":true}]}}