{"id":1824,"date":"2025-03-02T22:23:37","date_gmt":"2025-03-02T22:23:37","guid":{"rendered":"https:\/\/www.gen3.com.co\/?post_type=product&#038;p=1824"},"modified":"2025-08-01T01:22:59","modified_gmt":"2025-08-01T01:22:59","slug":"batido-del-manto-de-la-virgen","status":"publish","type":"product","link":"https:\/\/www.gen3.com.co\/?product=batido-del-manto-de-la-virgen","title":{"rendered":"Batido del Manto de la Virgen"},"content":{"rendered":"<h3><strong>Propiedades Curativas de la Milenrama \ud83c\udf3f\u2728<\/strong><\/h3>\n<p>\u2714 <strong>Propiedades antiinflamatorias<\/strong> \u2013 Ayuda a aliviar el dolor muscular y menstrual.<br \/>\n\u2714 <strong>Apoyo digestivo<\/strong> \u2013 Favorece una digesti\u00f3n saludable gracias a su fibra y compuestos amargos.<br \/>\n\u2714 <strong>Relajante natural<\/strong> \u2013 Contribuye a reducir el estr\u00e9s y la ansiedad.<\/p>\n<p>\u26a0 <strong>Nota:<\/strong> Las hojas de laurel incluidas no son para consumo. Act\u00faan como conservante natural, manteniendo el producto libre de qu\u00edmicos y sustancias nocivas. Una vez terminado, simplemente des\u00e9chalas.<\/p>\n","protected":false},"excerpt":{"rendered":"<h3><strong>Propiedades Curativas de la Milenrama \ud83c\udf3f\u2728<\/strong><\/h3>\n<p>\u2714 <strong>Rica en antioxidantes<\/strong> \u2013 Contiene flavonoides y taninos que combaten el estr\u00e9s oxidativo.<br \/>\n\u2714 <strong>Propiedades antiinflamatorias<\/strong> \u2013 Ayuda a aliviar el dolor muscular y menstrual.<br \/>\n\u2714 <strong>Apoyo digestivo<\/strong> \u2013 Favorece una digesti\u00f3n saludable gracias a su fibra y compuestos amargos.<br \/>\n\u2714 <strong>Relajante natural<\/strong> \u2013 Contribuye a reducir el estr\u00e9s y la ansiedad.<\/p>\n","protected":false},"featured_media":1816,"comment_status":"open","ping_status":"closed","template":"","meta":{"_kadence_starter_templates_imported_post":false,"_kad_post_transparent":"default","_kad_post_title":"","_kad_post_layout":"default","_kad_post_sidebar_id":"","_kad_post_content_style":"default","_kad_post_vertical_padding":"default","_kad_post_feature":"","_kad_post_feature_position":"","_kad_post_header":false,"_kad_post_footer":false},"product_brand":[],"product_cat":[15],"product_tag":[],"class_list":{"0":"post-1824","1":"product","2":"type-product","3":"status-publish","4":"has-post-thumbnail","6":"product_cat-uncategorized","8":"first","9":"instock","10":"shipping-taxable","11":"purchasable","12":"product-type-simple","13":"entry","14":"content-bg","15":"loop-entry"},"_links":{"self":[{"href":"https:\/\/www.gen3.com.co\/index.php?rest_route=\/wp\/v2\/product\/1824","targetHints":{"allow":["GET"]}}],"collection":[{"href":"https:\/\/www.gen3.com.co\/index.php?rest_route=\/wp\/v2\/product"}],"about":[{"href":"https:\/\/www.gen3.com.co\/index.php?rest_route=\/wp\/v2\/types\/product"}],"replies":[{"embeddable":true,"href":"https:\/\/www.gen3.com.co\/index.php?rest_route=%2Fwp%2Fv2%2Fcomments&post=1824"}],"wp:featuredmedia":[{"embeddable":true,"href":"https:\/\/www.gen3.com.co\/index.php?rest_route=\/wp\/v2\/media\/1816"}],"wp:attachment":[{"href":"https:\/\/www.gen3.com.co\/index.php?rest_route=%2Fwp%2Fv2%2Fmedia&parent=1824"}],"wp:term":[{"taxonomy":"product_brand","embeddable":true,"href":"https:\/\/www.gen3.com.co\/index.php?rest_route=%2Fwp%2Fv2%2Fproduct_brand&post=1824"},{"taxonomy":"product_cat","embeddable":true,"href":"https:\/\/www.gen3.com.co\/index.php?rest_route=%2Fwp%2Fv2%2Fproduct_cat&post=1824"},{"taxonomy":"product_tag","embeddable":true,"href":"https:\/\/www.gen3.com.co\/index.php?rest_route=%2Fwp%2Fv2%2Fproduct_tag&post=1824"}],"curies":[{"name":"wp","href":"https:\/\/api.w.org\/{rel}","templated":true}]}}