{"id":1368,"date":"2025-01-30T19:34:27","date_gmt":"2025-01-30T19:34:27","guid":{"rendered":"https:\/\/www.gen3.com.co\/?post_type=product&#038;p=1368"},"modified":"2025-03-06T15:44:26","modified_gmt":"2025-03-06T15:44:26","slug":"magnetita-piedra-exorcista-para-personas-posesas-en-sus-obsesiones","status":"publish","type":"product","link":"https:\/\/www.gen3.com.co\/?product=magnetita-piedra-exorcista-para-personas-posesas-en-sus-obsesiones","title":{"rendered":"Magnetita piedra exorcista para personas posesas en sus obsesiones"},"content":{"rendered":"<p><strong>\ud83c\udf1f Magnetita &#8211; Resumen para Redes Sociales \ud83c\udf1f<\/strong><\/p>\n<p>\ud83d\udd39 <strong>Propiedades:<\/strong> La magnetita es un \u00f3xido de hierro con una fuerte capacidad de atracci\u00f3n magn\u00e9tica. Santa Hildegarda la describe como una piedra con efectos tanto beneficiosos como perjudiciales, dependiendo de su origen y uso.<\/p>\n<p>\ud83d\udd39 <strong>Usos seg\u00fan Santa Hildegarda:<\/strong><br \/>\n\u2705 <strong>Furia, alucinaciones, obsesiones:<\/strong> Para calmar la furia y las obsesiones, se recomienda frotar la piedra con saliva y pasarla sobre la coronilla y la frente, pronunciando la siguiente oraci\u00f3n:<\/p>\n<p>\ud83d\uded0 <strong>Oraci\u00f3n:<\/strong><br \/>\n<em>\u00abT\u00fa, mala furia, cede en virtud de aquella virtud por la cual Dios cambi\u00f3 en bondad para el hombre la virtud del diablo precipitado del cielo.\u00bb<\/em><\/p>\n<p>\ud83d\udca1 <strong>Dato curioso:<\/strong> Santa Hildegarda menciona que la magnetita nace de las impurezas de ciertos gusanos venenosos que habitan en la tierra y el agua.<br \/>\n\ud83d\udccc <strong>Modo de uso:<\/strong> Para equilibrar el cuerpo y la mente, la piedra debe tocar la piel, idealmente en la cabeza o la frente.<br \/>\n\ud83c\udf3f <strong>Aplicaciones:<\/strong> Se usa para calmar el temperamento, mejorar la claridad mental y contrarrestar pensamientos obsesivos.<\/p>\n","protected":false},"excerpt":{"rendered":"<p>La magnetita es un \u00f3xido de hierro con fuerte capacidad de atracci\u00f3n magn\u00e9tica. Santa Hildegarda la describe como una piedra con propiedades tanto \u00fatiles como da\u00f1inas, dependiendo de su origen y uso.<\/p>\n","protected":false},"featured_media":1375,"comment_status":"open","ping_status":"closed","template":"","meta":{"_kadence_starter_templates_imported_post":true,"_kad_post_transparent":"default","_kad_post_title":"","_kad_post_layout":"default","_kad_post_sidebar_id":"","_kad_post_content_style":"default","_kad_post_vertical_padding":"default","_kad_post_feature":"","_kad_post_feature_position":"","_kad_post_header":false,"_kad_post_footer":false},"product_brand":[],"product_cat":[23,25],"product_tag":[],"class_list":{"0":"post-1368","1":"product","2":"type-product","3":"status-publish","4":"has-post-thumbnail","6":"product_cat-camandulas","7":"product_cat-piedra","9":"first","10":"instock","11":"shipping-taxable","12":"purchasable","13":"product-type-simple","14":"entry","15":"content-bg","16":"loop-entry"},"_links":{"self":[{"href":"https:\/\/www.gen3.com.co\/index.php?rest_route=\/wp\/v2\/product\/1368","targetHints":{"allow":["GET"]}}],"collection":[{"href":"https:\/\/www.gen3.com.co\/index.php?rest_route=\/wp\/v2\/product"}],"about":[{"href":"https:\/\/www.gen3.com.co\/index.php?rest_route=\/wp\/v2\/types\/product"}],"replies":[{"embeddable":true,"href":"https:\/\/www.gen3.com.co\/index.php?rest_route=%2Fwp%2Fv2%2Fcomments&post=1368"}],"wp:featuredmedia":[{"embeddable":true,"href":"https:\/\/www.gen3.com.co\/index.php?rest_route=\/wp\/v2\/media\/1375"}],"wp:attachment":[{"href":"https:\/\/www.gen3.com.co\/index.php?rest_route=%2Fwp%2Fv2%2Fmedia&parent=1368"}],"wp:term":[{"taxonomy":"product_brand","embeddable":true,"href":"https:\/\/www.gen3.com.co\/index.php?rest_route=%2Fwp%2Fv2%2Fproduct_brand&post=1368"},{"taxonomy":"product_cat","embeddable":true,"href":"https:\/\/www.gen3.com.co\/index.php?rest_route=%2Fwp%2Fv2%2Fproduct_cat&post=1368"},{"taxonomy":"product_tag","embeddable":true,"href":"https:\/\/www.gen3.com.co\/index.php?rest_route=%2Fwp%2Fv2%2Fproduct_tag&post=1368"}],"curies":[{"name":"wp","href":"https:\/\/api.w.org\/{rel}","templated":true}]}}