{"id":1358,"date":"2025-01-30T16:02:58","date_gmt":"2025-01-30T16:02:58","guid":{"rendered":"https:\/\/www.gen3.com.co\/?post_type=product&#038;p=1358"},"modified":"2025-02-21T22:10:27","modified_gmt":"2025-02-21T22:10:27","slug":"champu-contra-la-ira","status":"publish","type":"product","link":"https:\/\/www.gen3.com.co\/?product=champu-contra-la-ira","title":{"rendered":"Shampoo contra la ira"},"content":{"rendered":"<p>\u2728 <strong>UNA BENDICI\u00d3N PARA TU CABELLO <\/strong>\u2728<br \/>\n\ud83c\udf3f Fuerza y vitalidad divina<br \/>\nLas plantas cuidadosamente elegidas para esta f\u00f3rmula revitalizan tu cabello desde la ra\u00edz, otorg\u00e1ndole la fuerza que solo la naturaleza en su pureza puede ofrecer.<\/p>\n<p>\ud83d\udc86\u200d\u2640\ufe0f Refugio para el alma<br \/>\nCada lavado es una pausa para el esp\u00edritu, una conexi\u00f3n con lo m\u00e1s sagrado y natural. Siente c\u00f3mo el estr\u00e9s se disuelve, dando paso a una paz suave y profunda.<\/p>\n<p>\ud83c\udf1f Brillo que resplandece con luz celestial<br \/>\nAl usar este champ\u00fa, tu cabello recibe el toque luminoso de ingredientes naturales, guiados por la mano de Dios.<\/p>\n<p>\ud83d\ude4f Un acto de fe y gratitud<br \/>\nCon el Shampoo de Santa Hildegarda, en cada gota sientes la obra divina que nutre y transforma.<\/p>\n<p>Llena tu vida de paz, luz y naturaleza pura, reflejo del amor y la bondad que habitan en este shampoo, nacido de la inspiraci\u00f3n de Dios y la sabidur\u00eda de Santa Hildegarda.<\/p>\n<p>Ella nos ense\u00f1\u00f3 que la naturaleza guarda en su esencia la pureza y el bienestar que el Creador desea para nosotros. Cada planta, cada esencia y cada gota de este champ\u00fa es un recordatorio de la belleza que Dios sembr\u00f3 en la Tierra para nuestro bien.<\/p>\n","protected":false},"excerpt":{"rendered":"<p>\u2728 UNA BENDICI\u00d3N PARA TU CABELLO \u2728<\/p>\n<p>\ud83c\udf3f FUERZA Y VITALIDAD DIVINA \ud83c\udf3f<\/p>\n<p>Las plantas cuidadosamente elegidas para esta f\u00f3rmula revitalizan tu cabello desde la ra\u00edz, otorg\u00e1ndole la fuerza que solo la naturaleza en su pureza puede ofrecer.<\/p>\n","protected":false},"featured_media":1652,"comment_status":"open","ping_status":"closed","template":"","meta":{"_kadence_starter_templates_imported_post":true,"_kad_post_transparent":"default","_kad_post_title":"","_kad_post_layout":"default","_kad_post_sidebar_id":"","_kad_post_content_style":"default","_kad_post_vertical_padding":"default","_kad_post_feature":"","_kad_post_feature_position":"","_kad_post_header":false,"_kad_post_footer":false},"product_brand":[],"product_cat":[28],"product_tag":[],"class_list":{"0":"post-1358","1":"product","2":"type-product","3":"status-publish","4":"has-post-thumbnail","6":"product_cat-cabello","8":"first","9":"instock","10":"featured","11":"shipping-taxable","12":"purchasable","13":"product-type-simple","14":"entry","15":"content-bg","16":"loop-entry"},"_links":{"self":[{"href":"https:\/\/www.gen3.com.co\/index.php?rest_route=\/wp\/v2\/product\/1358","targetHints":{"allow":["GET"]}}],"collection":[{"href":"https:\/\/www.gen3.com.co\/index.php?rest_route=\/wp\/v2\/product"}],"about":[{"href":"https:\/\/www.gen3.com.co\/index.php?rest_route=\/wp\/v2\/types\/product"}],"replies":[{"embeddable":true,"href":"https:\/\/www.gen3.com.co\/index.php?rest_route=%2Fwp%2Fv2%2Fcomments&post=1358"}],"wp:featuredmedia":[{"embeddable":true,"href":"https:\/\/www.gen3.com.co\/index.php?rest_route=\/wp\/v2\/media\/1652"}],"wp:attachment":[{"href":"https:\/\/www.gen3.com.co\/index.php?rest_route=%2Fwp%2Fv2%2Fmedia&parent=1358"}],"wp:term":[{"taxonomy":"product_brand","embeddable":true,"href":"https:\/\/www.gen3.com.co\/index.php?rest_route=%2Fwp%2Fv2%2Fproduct_brand&post=1358"},{"taxonomy":"product_cat","embeddable":true,"href":"https:\/\/www.gen3.com.co\/index.php?rest_route=%2Fwp%2Fv2%2Fproduct_cat&post=1358"},{"taxonomy":"product_tag","embeddable":true,"href":"https:\/\/www.gen3.com.co\/index.php?rest_route=%2Fwp%2Fv2%2Fproduct_tag&post=1358"}],"curies":[{"name":"wp","href":"https:\/\/api.w.org\/{rel}","templated":true}]}}